{"id":773,"date":"2018-05-15T15:44:00","date_gmt":"2018-05-15T13:44:00","guid":{"rendered":"https:\/\/fodina.de\/zenologien\/?page_id=773"},"modified":"2019-06-02T15:48:32","modified_gmt":"2019-06-02T13:48:32","slug":"ds-compliance","status":"publish","type":"page","link":"https:\/\/2022.fodina.de\/en\/ds-compliance\/","title":{"rendered":"Data Privacy"},"content":{"rendered":"<section class=\"box info\">\n<h2>Data Protection Declaration: About the Use of\u00a0Your Data<\/h2>\n<ul>\n<li>Responsible for the data protection in accordance to the data protection laws (DSGVO): Karsten Reincke<\/li>\n<li>Contact address: <a href=\"mailto:datenschutz@fodina.de\">datenschutz@fodina.de<\/a><\/li>\n<li>By using this address, You can\n<ul>\n<li>require for being informed about Your data we have stored and how we use them (\u00a715 DSGVO),<\/li>\n<li>require for updating Your data (\u00a716 DSGVO),<\/li>\n<li>require for deleting Your data (\u00a717 DSGVO),<\/li>\n<li>require for limitating the use of your data, while we are not allowed to delete them (\u00a718 DSGVO),<\/li>\n<li>object the use of your data (\u00a720 resp. \u00a721 DSGVO) und<\/li>\n<li>withdraw Your agreement to use your data.<\/li>\n<\/ul>\n<\/li>\n<\/ul>\n<p>Additionally, You can raise a complain at the official regulators. For details see: <a href=\"https:\/\/www.bfdi.bund.de\/DE\/Infothek\/Anschriften_Links\/anschriften_links-node.html\" target=\"_blank\" rel=\"nofollow noopener noreferrer\">https:\/\/www.bfdi.bund.de\/DE\/Infothek\/Anschriften_Links\/anschriften_links-node.html<\/a>.<\/p>\n<h3>General Data Collection in case of a Visit at Our Site<\/h3>\n<p>If you access your site, some general data are stored in the logfiles, as &#8211; for example &#8211; the type of your browser, your operating system, the domain name of your internet service provider, your ipaddress etc. These data are stored to technically and institutionally enable the use of our service via the internet.<\/p>\n<h3>Cookies<\/h3>\n<p>Cookies are little text files stored on your computer by your browser. These files are used to recognize your wishes if you visit the site again.<\/p>\n<p>*.fodina.de uses the standard cookies of WordPress and its plugins &#8211; as for example:\u00a0 session identifier, language configurations, names of commentators and &#8211; in case of editors: &#8211; login information.These data stay on your computer. They are used by *.fodina.de, but neither distributed to any 3rd. parties nor\u00a0 used for other purposes than to improve your readings. If you want to manage these data (editing, reading, deleting), please use the cookie management functionalities of your browser. If you do not want to receive cookies, configure your browser accordingly.<\/p>\n<h3>Comments<\/h3>\n<p>*.fodina.de uses the standard commenting functions of wordpress. You are required to insert your name and your email address into the commenting form before you can send your remarks. Your first comment will be reviewed, before it will be published. You data &#8211; including the ip address of the computer from which you send your comment are stored in our backend. Your data will only be used to fulfill the legal requirements of Germany concerning the communication in the web. Your data won&#8217;t be handed over to any third party other than legal German instances.<\/p>\n<p>*fodina.de uses\u00a0https:\/\/en.gravatar.com for getting the avatar pictures you have configured there. For determining whether such an avatar exists, the email address of each comment is sent to gravatar.com. There, the service compares the address with its database and sends the picture back in case of success. These gravatar pictures ease to communicate via comments. <a href=\"https:\/\/automattic.com\/privacy\/\">Gravatar has its own privacy police,<\/a>\u00a0 which promises us, that the received email is only stored as long as the search of a positive or negative answer needs.<\/p>\n<p>By using the commenting functions, you approve this usage.<\/p>\n<h3>WordPress and WordPressplugins<\/h3>\n<p>In its backend *.fodina.de uses wordpress and wordpress plugins. <a href=\"https:\/\/wp-ninjas.de\/\">Jonas Tietgen from WP-Ninjas<\/a> has investigated which plugins are <a href=\"https:\/\/wp-ninjas.de\/wordpress-plugins-dsgvo\">DSGVO compliant<\/a>. Roughly spoken, he uses 3 categories: some of the plugins do not store \/ distribute data to 3rd. parties (green), some of the plugins must be configured, not to store ( distribute data to 3rd parties (yellow), and some indeed store \/ distribute data to 3rd. parties. Unfortunately, not all plugins used by *.fodina.de are listed in this investigation. For these &#8216;unspecified&#8217; plugins we ourselves did not find any hint, that the distribute data to 3rd. parties (grey). With respect to these groups, we get the following result:<\/p>\n\n<table id=\"tablepress-3\" class=\"tablepress tablepress-id-3\">\n<thead>\n<tr class=\"row-1 odd\">\n\t<th class=\"column-1\">Plugin<\/th><th class=\"column-2\">Lizenz<\/th><th class=\"column-3\">DSGVO Status<\/th>\n<\/tr>\n<\/thead>\n<tbody class=\"row-hover\">\n<tr class=\"row-2 even\">\n\t<td class=\"column-1\"><a href=\"https:\/\/wordpress.org\/plugins\/antispam-bee\/\">Antispam Bee<\/a><\/td><td class=\"column-2\"><a href=\"https:\/\/github.com\/pluginkollektiv\/antispam-bee\/blob\/master\/LICENSE.txt\">GPL-v2<\/a><\/td><td class=\"column-3\"><span style=\"color:#da0\">configured not transfer data to 3rd. parties<\/a><\/td>\n<\/tr>\n<tr class=\"row-3 odd\">\n\t<td class=\"column-1\"><a href=\"https:\/\/wordpress.org\/plugins\/add-from-server\/\">Add From Server<\/a><\/td><td class=\"column-2\"><a href=\"https:\/\/wordpress.org\/plugins\/add-from-server\/\">GPL-v2?<\/a><\/td><td class=\"column-3\"><span style=\"color:#aaa\">No license file in the repository. Pure backend plugin, probably no data transfer to 3rd. parties<\/a><\/td>\n<\/tr>\n<tr class=\"row-4 even\">\n\t<td class=\"column-1\"><a href=\"https:\/\/wordpress.org\/plugins\/duplicate-page\/\">Duplicate Page<\/a><\/td><td class=\"column-2\"><a href=\"https:\/\/plugins.svn.wordpress.org\/duplicate-page\/trunk\/readme.txt\">GPL-v2<\/a><\/td><td class=\"column-3\"><span style=\"color:#0a0\">no data transfer to 3rd. parties<\/a><\/td>\n<\/tr>\n<tr class=\"row-5 odd\">\n\t<td class=\"column-1\"><a href=\"https:\/\/wordpress.org\/plugins\/duplicate-post\/\">Duplicate Post<\/a><\/td><td class=\"column-2\"><a href=\"https:\/\/plugins.svn.wordpress.org\/duplicate-post\/trunk\/readme.txt\">GPL-v2<\/a><\/td><td class=\"column-3\"><span style=\"color:#aaa\">probably similar to duplicate page<\/a><\/td>\n<\/tr>\n<tr class=\"row-6 even\">\n\t<td class=\"column-1\"><a href=\"https:\/\/wordpress.org\/plugins\/eu-cookie-law\/\">EU Cookie Law<\/a><\/td><td class=\"column-2\"><a href=\"https:\/\/plugins.svn.wordpress.org\/eu-cookie-law\/trunk\/readme.txt\">GPL-v2<\/a><\/td><td class=\"column-3\"><span style=\"color:#0a0\">no data transfer to 3rd. parties<\/a><\/td>\n<\/tr>\n<tr class=\"row-7 odd\">\n\t<td class=\"column-1\"><a href=\"https:\/\/wordpress.org\/plugins\/simple-wp-sitemap\/\">Simple Wp Sitemap<\/a><\/td><td class=\"column-2\"><a href=\"https:\/\/plugins.svn.wordpress.org\/simple-wp-sitemap\/trunk\/license.txt\">GPL-v3<\/a><\/td><td class=\"column-3\"><span style=\"color:#aaa\">probably no data transfer to 3rd. parties<\/a><\/td>\n<\/tr>\n<tr class=\"row-8 even\">\n\t<td class=\"column-1\"><a href=\"https:\/\/wordpress.org\/plugins\/loco-translate\/\">Loco Translate<\/a><\/td><td class=\"column-2\"><a href=\"https:\/\/plugins.svn.wordpress.org\/loco-translate\/trunk\/readme.txt\">GPL-v2<\/a><\/td><td class=\"column-3\"><span style=\"color:#0a0\">no data transfer to 3rd. parties<\/a><\/td>\n<\/tr>\n<tr class=\"row-9 odd\">\n\t<td class=\"column-1\"><a href=\"https:\/\/wordpress.org\/plugins\/wp-math-captcha\/\">Math Captcha<\/a><\/td><td class=\"column-2\"><a href=\"https:\/\/plugins.svn.wordpress.org\/wp-math-captcha\/trunk\/readme.txt\">MIT<\/a><\/td><td class=\"column-3\"><span style=\"color:#aaa\">probably no data transfer to 3rd. parties<\/a><\/td>\n<\/tr>\n<tr class=\"row-10 even\">\n\t<td class=\"column-1\"><a href=\"https:\/\/wordpress.org\/plugins\/post-type-switcher\/\">Post Type Switcher<\/a><\/td><td class=\"column-2\"><a href=\"https:\/\/plugins.svn.wordpress.org\/post-type-switcher\/trunk\/readme.txt\">GPL-v2<\/a><\/td><td class=\"column-3\"><span style=\"color:#aaa\">probably no data transfer to 3rd. parties. Only for backend use<\/a><\/td>\n<\/tr>\n<tr class=\"row-11 odd\">\n\t<td class=\"column-1\"><a href=\"https:\/\/wordpress.org\/plugins\/shortcode-in-menus\/\">Shortcode in Menus<\/a><\/td><td class=\"column-2\"><a href=\"https:\/\/plugins.svn.wordpress.org\/shortcode-in-menus\/trunk\/readme.txt\">GPL-v2<\/a><\/td><td class=\"column-3\"><span style=\"color:#aaa\">probablyno data transfer to 3rd. parties<\/a><\/td>\n<\/tr>\n<tr class=\"row-12 even\">\n\t<td class=\"column-1\"><a href=\"https:\/\/wordpress.org\/plugins\/smart-slider-3\/\">Smart Slider 3<\/a><\/td><td class=\"column-2\"><a href=\"https:\/\/plugins.svn.wordpress.org\/smart-slider-3\/trunk\/readme.txt\">GPL-v3<\/a><\/td><td class=\"column-3\"><span style=\"color:#aaa\">probably no data transfer to 3rd. parties<\/a><\/td>\n<\/tr>\n<tr class=\"row-13 odd\">\n\t<td class=\"column-1\"><a href=\"https:\/\/wordpress.org\/plugins\/tablepress\/\">TablePress<\/a><\/td><td class=\"column-2\"><a href=\"https:\/\/plugins.svn.wordpress.org\/tablepress\/trunk\/readme.txt\">GPL-v2<\/a><\/td><td class=\"column-3\"><span style=\"color:#0a0\">no data transfer to 3rd. parties<\/a><\/td>\n<\/tr>\n<tr class=\"row-14 even\">\n\t<td class=\"column-1\"><a href=\"https:\/\/wordpress.org\/plugins\/wordpress-importer\/\">WordPress Importer<\/a><\/td><td class=\"column-2\"><a href=\"https:\/\/plugins.svn.wordpress.org\/wordpress-importer\/trunk\/readme.txt\">GPL-v2<\/a><\/td><td class=\"column-3\"><span style=\"color:#0a0\">no data transfer to 3rd. parties<\/a><\/td>\n<\/tr>\n<tr class=\"row-15 odd\">\n\t<td class=\"column-1\"><a href=\"https:\/\/wordpress.org\/plugins\/wp-gdpr-compliance\/\">WP GDPR Compliance<\/a><\/td><td class=\"column-2\"><a href=\"https:\/\/plugins.svn.wordpress.org\/wp-gdpr-compliance\/trunk\/readme.txt\">GPL-v2<\/a><\/td><td class=\"column-3\"><span style=\"color:#aaa\">probably no data transfer to 3rd. parties<\/a><\/td>\n<\/tr>\n<tr class=\"row-16 even\">\n\t<td class=\"column-1\"><a href=\"https:\/\/wordpress.org\/plugins\/wp-super-cache\/\">WP Super Cache<\/a><\/td><td class=\"column-2\"><a href=\"https:\/\/plugins.svn.wordpress.org\/wp-super-cache\/trunk\/readme.txt\">GPL-v2<\/a><\/td><td class=\"column-3\"><span style=\"color:#0a0\">no data transfer to 3rd. parties<\/a><\/td>\n<\/tr>\n<tr class=\"row-17 odd\">\n\t<td class=\"column-1\"><a href=\"https:\/\/wordpress.org\/plugins\/wpglobus\/\">WPGlobus<\/a><\/td><td class=\"column-2\"><a href=\"https:\/\/plugins.svn.wordpress.org\/wpglobus\/trunk\/readme.txt\">GPL-v3<\/a><\/td><td class=\"column-3\"><span style=\"color:#aaa\">probably no data transfer to 3rd. parties<\/a><\/td>\n<\/tr>\n<tr class=\"row-18 even\">\n\t<td class=\"column-1\"><a href=\"https:\/\/wpglobus.com\/product\/wpglobus-plus\/\">WPGlobus Plus<\/a><\/td><td class=\"column-2\">Closed Source<\/td><td class=\"column-3\"><span style=\"color:#aaa\">probably no data transfer to 3rd. parties<\/a><\/td>\n<\/tr>\n<\/tbody>\n<\/table>\n<!-- #tablepress-3 from cache -->\n<\/section>\n","protected":false},"excerpt":{"rendered":"<p>Datenschutzerkl\u00e4rung: \u00dcber die Verwendung Ihrer Daten (1) Allgemeine Informationen Verantwortlich im Sinne der Datenschutzgesetze, insbesondere der EU-Datenschutzgrundverordnung (DSGVO), ist Karsten Reincke. Sie erreichen ihn in diesem Kontext unter datenschutz@fodina.de. Unter dieser Adresse k\u00f6nnen Sie jederzeit folgende Rechte aus\u00fcben: Auskunft \u00fcber Ihre bei uns gespeicherten Daten und deren Verarbeitung (Art. 15 DSGVO), Berichtigung unrichtiger personenbezogener Daten [&hellip;]<\/p>\n","protected":false},"author":1,"featured_media":0,"parent":0,"menu_order":0,"comment_status":"closed","ping_status":"closed","template":"","meta":[],"translation":{"provider":"WPGlobus","version":"2.12.2","language":"en","enabled_languages":["de","en"],"languages":{"de":{"title":true,"content":true,"excerpt":false},"en":{"title":true,"content":true,"excerpt":false}}},"_links":{"self":[{"href":"https:\/\/2022.fodina.de\/en\/wp-json\/wp\/v2\/pages\/773"}],"collection":[{"href":"https:\/\/2022.fodina.de\/en\/wp-json\/wp\/v2\/pages"}],"about":[{"href":"https:\/\/2022.fodina.de\/en\/wp-json\/wp\/v2\/types\/page"}],"author":[{"embeddable":true,"href":"https:\/\/2022.fodina.de\/en\/wp-json\/wp\/v2\/users\/1"}],"replies":[{"embeddable":true,"href":"https:\/\/2022.fodina.de\/en\/wp-json\/wp\/v2\/comments?post=773"}],"version-history":[{"count":38,"href":"https:\/\/2022.fodina.de\/en\/wp-json\/wp\/v2\/pages\/773\/revisions"}],"predecessor-version":[{"id":3754,"href":"https:\/\/2022.fodina.de\/en\/wp-json\/wp\/v2\/pages\/773\/revisions\/3754"}],"wp:attachment":[{"href":"https:\/\/2022.fodina.de\/en\/wp-json\/wp\/v2\/media?parent=773"}],"curies":[{"name":"wp","href":"https:\/\/api.w.org\/{rel}","templated":true}]}}